{"id":3154,"date":"2025-07-22T08:43:02","date_gmt":"2025-07-22T08:43:02","guid":{"rendered":"https:\/\/valeriagbeauty.com\/?page_id=3154"},"modified":"2025-07-24T14:36:43","modified_gmt":"2025-07-24T14:36:43","slug":"portfolio","status":"publish","type":"page","link":"https:\/\/valeriagbeauty.com\/es\/portfolio\/","title":{"rendered":"Portafolio"},"content":{"rendered":"<div data-elementor-type=\"wp-page\" data-elementor-id=\"3154\" class=\"elementor elementor-3154\">\n\t\t\t\t<div class=\"elementor-element elementor-element-dwc82ap e-flex e-con-boxed e-con e-parent\" data-id=\"dwc82ap\" data-element_type=\"container\" data-settings=\"{&quot;background_background&quot;:&quot;classic&quot;}\">\n\t\t\t\t\t<div class=\"e-con-inner\">\n\t\t<div class=\"elementor-element elementor-element-9a1644b e-con-full e-flex e-con e-child\" data-id=\"9a1644b\" data-element_type=\"container\">\n\t\t\t\t<div class=\"elementor-element elementor-element-deb131b elementor-invisible elementor-widget elementor-widget-image\" data-id=\"deb131b\" data-element_type=\"widget\" data-settings=\"{&quot;_animation&quot;:&quot;fadeInUp&quot;}\" data-widget_type=\"image.default\">\n\t\t\t\t<div class=\"elementor-widget-container\">\n\t\t\t\t\t\t\t\t\t\t\t\t\t\t\t<img fetchpriority=\"high\" decoding=\"async\" width=\"768\" height=\"921\" src=\"https:\/\/valeriagbeauty.com\/wp-content\/uploads\/2025\/07\/IMG_4585-min-scaled-e1753352118794-768x921.jpeg\" class=\"attachment-medium_large size-medium_large wp-image-3198\" alt=\"\" srcset=\"https:\/\/valeriagbeauty.com\/wp-content\/uploads\/2025\/07\/IMG_4585-min-scaled-e1753352118794-768x921.jpeg 768w, https:\/\/valeriagbeauty.com\/wp-content\/uploads\/2025\/07\/IMG_4585-min-scaled-e1753352118794-250x300.jpeg 250w, https:\/\/valeriagbeauty.com\/wp-content\/uploads\/2025\/07\/IMG_4585-min-scaled-e1753352118794-854x1024.jpeg 854w, https:\/\/valeriagbeauty.com\/wp-content\/uploads\/2025\/07\/IMG_4585-min-scaled-e1753352118794-1280x1536.jpeg 1280w, https:\/\/valeriagbeauty.com\/wp-content\/uploads\/2025\/07\/IMG_4585-min-scaled-e1753352118794.jpeg 1707w\" sizes=\"(max-width: 768px) 100vw, 768px\" \/>\t\t\t\t\t\t\t\t\t\t\t\t\t\t\t<\/div>\n\t\t\t\t<\/div>\n\t\t\t\t<\/div>\n\t\t<div class=\"elementor-element elementor-element-b4cc63e e-con-full e-flex e-con e-child\" data-id=\"b4cc63e\" data-element_type=\"container\">\n\t\t\t\t<div class=\"elementor-element elementor-element-3a47eb8 elementor-widget elementor-widget-heading\" data-id=\"3a47eb8\" data-element_type=\"widget\" data-widget_type=\"heading.default\">\n\t\t\t\t<div class=\"elementor-widget-container\">\n\t\t\t\t\t<h5 class=\"elementor-heading-title elementor-size-default\">Valeria Galvis Beauty Studio<\/h5>\t\t\t\t<\/div>\n\t\t\t\t<\/div>\n\t\t\t\t<div class=\"elementor-element elementor-element-34f4fa8 elementor-widget elementor-widget-heading\" data-id=\"34f4fa8\" data-element_type=\"widget\" data-widget_type=\"heading.default\">\n\t\t\t\t<div class=\"elementor-widget-container\">\n\t\t\t\t\t<h2 class=\"elementor-heading-title elementor-size-default\">El Arte de una Ceja Perfecta<\/h2>\t\t\t\t<\/div>\n\t\t\t\t<\/div>\n\t\t\t\t<div class=\"elementor-element elementor-element-195ab3d elementor-widget elementor-widget-text-editor\" data-id=\"195ab3d\" data-element_type=\"widget\" data-widget_type=\"text-editor.default\">\n\t\t\t\t<div class=\"elementor-widget-container\">\n\t\t\t\t\t\t\t\t\t<div id=\"model-response-message-contentr_482d7b3d2c9d9281\" class=\"markdown markdown-main-panel stronger enable-updated-hr-color\" dir=\"ltr\"><p>Cada ceja es un lienzo y cada transformaci\u00f3n es una obra de arte. Mi portafolio es un testimonio visual de la pasi\u00f3n y precisi\u00f3n que ponemos en cada detalle.<\/p><\/div>\t\t\t\t\t\t\t\t<\/div>\n\t\t\t\t<\/div>\n\t\t\t\t<div class=\"elementor-element elementor-element-f10fd68 elementor-align-left elementor-invisible elementor-widget elementor-widget-button\" data-id=\"f10fd68\" data-element_type=\"widget\" data-settings=\"{&quot;_animation&quot;:&quot;bounceIn&quot;}\" data-widget_type=\"button.default\">\n\t\t\t\t<div class=\"elementor-widget-container\">\n\t\t\t\t\t\t\t\t\t<div class=\"elementor-button-wrapper\">\n\t\t\t\t\t<a class=\"elementor-button elementor-button-link elementor-size-sm\" href=\"https:\/\/valeriagbeauty.com\/es\/services\/\">\n\t\t\t\t\t\t<span class=\"elementor-button-content-wrapper\">\n\t\t\t\t\t\t\t\t\t<span class=\"elementor-button-text\">RESERVA TU CITA<\/span>\n\t\t\t\t\t<\/span>\n\t\t\t\t\t<\/a>\n\t\t\t\t<\/div>\n\t\t\t\t\t\t\t\t<\/div>\n\t\t\t\t<\/div>\n\t\t\t\t<\/div>\n\t\t\t\t\t<\/div>\n\t\t\t\t<\/div>\n\t\t<div class=\"elementor-element elementor-element-a402rxk e-flex e-con-boxed e-con e-parent\" data-id=\"a402rxk\" data-element_type=\"container\" data-settings=\"{&quot;background_background&quot;:&quot;classic&quot;}\">\n\t\t\t\t\t<div class=\"e-con-inner\">\n\t\t\t\t<div class=\"elementor-element elementor-element-fc9b793 elementor-widget-divider--view-line elementor-widget elementor-widget-divider\" data-id=\"fc9b793\" data-element_type=\"widget\" data-widget_type=\"divider.default\">\n\t\t\t\t<div class=\"elementor-widget-container\">\n\t\t\t\t\t\t\t<div class=\"elementor-divider\">\n\t\t\t<span class=\"elementor-divider-separator\">\n\t\t\t\t\t\t<\/span>\n\t\t<\/div>\n\t\t\t\t\t\t<\/div>\n\t\t\t\t<\/div>\n\t\t\t\t<div class=\"elementor-element elementor-element-4f07468 elementor-position-left elementor-mobile-position-left elementor-view-default elementor-widget elementor-widget-icon-box\" data-id=\"4f07468\" data-element_type=\"widget\" data-widget_type=\"icon-box.default\">\n\t\t\t\t<div class=\"elementor-widget-container\">\n\t\t\t\t\t\t\t<div class=\"elementor-icon-box-wrapper\">\n\n\t\t\t\t\t\t<div class=\"elementor-icon-box-icon\">\n\t\t\t\t<span  class=\"elementor-icon\">\n\t\t\t\t<svg aria-hidden=\"true\" class=\"e-font-icon-svg e-fas-circle\" viewbox=\"0 0 512 512\" xmlns=\"http:\/\/www.w3.org\/2000\/svg\"><path d=\"M256 8C119 8 8 119 8 256s111 248 248 248 248-111 248-248S393 8 256 8z\"><\/path><\/svg>\t\t\t\t<\/span>\n\t\t\t<\/div>\n\t\t\t\n\t\t\t\t\t\t<div class=\"elementor-icon-box-content\">\n\n\t\t\t\t\t\t\t\t\t<div class=\"elementor-icon-box-title\">\n\t\t\t\t\t\t<span  >\n\t\t\t\t\t\t\tMi mundo\t\t\t\t\t\t<\/span>\n\t\t\t\t\t<\/div>\n\t\t\t\t\n\t\t\t\t\n\t\t\t<\/div>\n\t\t\t\n\t\t<\/div>\n\t\t\t\t\t\t<\/div>\n\t\t\t\t<\/div>\n\t\t\t\t<div class=\"elementor-element elementor-element-61d603e elementor-widget elementor-widget-heading\" data-id=\"61d603e\" data-element_type=\"widget\" data-widget_type=\"heading.default\">\n\t\t\t\t<div class=\"elementor-widget-container\">\n\t\t\t\t\t<h2 class=\"elementor-heading-title elementor-size-default\">Transformando la Confianza a Trav\u00e9s del Arte<\/h2>\t\t\t\t<\/div>\n\t\t\t\t<\/div>\n\t\t\t\t\t<\/div>\n\t\t\t\t<\/div>\n\t\t<div class=\"elementor-element elementor-element-10bf8e5 e-flex e-con-boxed e-con e-parent\" data-id=\"10bf8e5\" data-element_type=\"container\">\n\t\t\t\t\t<div class=\"e-con-inner\">\n\t\t\t\t<div class=\"elementor-element elementor-element-c55bf59 elementor-widget elementor-widget-rkit_image_gallery\" data-id=\"c55bf59\" data-element_type=\"widget\" data-widget_type=\"rkit_image_gallery.default\">\n\t\t\t\t<div class=\"elementor-widget-container\">\n\t\t\t\t\t\r\n        <div class=\"rkit-gallery-masonry-container\">\r\n            <div class=\"rkit-gallery-masonry masonry\">\r\n                                    <div class=\"brick\">\r\n                        <div class=\"skeleton\"><\/div>\r\n                                                    <a data-elementor-open-lightbox=\"yes\" data-elementor-lightbox-slideshow=\"products-gallery\" href=\"https:\/\/valeriagbeauty.com\/wp-content\/uploads\/2025\/07\/photo_2025-07-14_20-43-07.jpg\">\r\n                                                        <img decoding=\"async\" src=\"https:\/\/valeriagbeauty.com\/wp-content\/uploads\/2025\/07\/photo_2025-07-14_20-43-07.jpg\"\r\n                                class=\"gallery_image  elementor-animation-grow\"\r\n                                alt=\"Gallery Image\"\r\n                                loading=\"lazy\">\r\n                                                        <\/a>\r\n                                            <\/div>\r\n                                    <div class=\"brick\">\r\n                        <div class=\"skeleton\"><\/div>\r\n                                                    <a data-elementor-open-lightbox=\"yes\" data-elementor-lightbox-slideshow=\"products-gallery\" href=\"https:\/\/valeriagbeauty.com\/wp-content\/uploads\/2025\/07\/photo_2025-07-14_20-43-06.jpg\">\r\n                                                        <img decoding=\"async\" src=\"https:\/\/valeriagbeauty.com\/wp-content\/uploads\/2025\/07\/photo_2025-07-14_20-43-06.jpg\"\r\n                                class=\"gallery_image  elementor-animation-grow\"\r\n                                alt=\"Gallery Image\"\r\n                                loading=\"lazy\">\r\n                                                        <\/a>\r\n                                            <\/div>\r\n                                    <div class=\"brick\">\r\n                        <div class=\"skeleton\"><\/div>\r\n                                                    <a data-elementor-open-lightbox=\"yes\" data-elementor-lightbox-slideshow=\"products-gallery\" href=\"https:\/\/valeriagbeauty.com\/wp-content\/uploads\/2025\/07\/photo_2025-07-14_20-43-04.jpg\">\r\n                                                        <img decoding=\"async\" src=\"https:\/\/valeriagbeauty.com\/wp-content\/uploads\/2025\/07\/photo_2025-07-14_20-43-04.jpg\"\r\n                                class=\"gallery_image  elementor-animation-grow\"\r\n                                alt=\"Gallery Image\"\r\n                                loading=\"lazy\">\r\n                                                        <\/a>\r\n                                            <\/div>\r\n                                    <div class=\"brick\">\r\n                        <div class=\"skeleton\"><\/div>\r\n                                                    <a data-elementor-open-lightbox=\"yes\" data-elementor-lightbox-slideshow=\"products-gallery\" href=\"https:\/\/valeriagbeauty.com\/wp-content\/uploads\/2025\/07\/photo_2025-07-14_20-43-01-e1753261868740.jpg\">\r\n                                                        <img decoding=\"async\" src=\"https:\/\/valeriagbeauty.com\/wp-content\/uploads\/2025\/07\/photo_2025-07-14_20-43-01-e1753261868740.jpg\"\r\n                                class=\"gallery_image  elementor-animation-grow\"\r\n                                alt=\"Gallery Image\"\r\n                                loading=\"lazy\">\r\n                                                        <\/a>\r\n                                            <\/div>\r\n                                    <div class=\"brick\">\r\n                        <div class=\"skeleton\"><\/div>\r\n                                                    <a data-elementor-open-lightbox=\"yes\" data-elementor-lightbox-slideshow=\"products-gallery\" href=\"https:\/\/valeriagbeauty.com\/wp-content\/uploads\/2025\/07\/IMG_4618-min-scaled.jpeg\">\r\n                                                        <img decoding=\"async\" src=\"https:\/\/valeriagbeauty.com\/wp-content\/uploads\/2025\/07\/IMG_4618-min-scaled.jpeg\"\r\n                                class=\"gallery_image  elementor-animation-grow\"\r\n                                alt=\"Gallery Image\"\r\n                                loading=\"lazy\">\r\n                                                        <\/a>\r\n                                            <\/div>\r\n                                    <div class=\"brick\">\r\n                        <div class=\"skeleton\"><\/div>\r\n                                                    <a data-elementor-open-lightbox=\"yes\" data-elementor-lightbox-slideshow=\"products-gallery\" href=\"https:\/\/valeriagbeauty.com\/wp-content\/uploads\/2025\/07\/IMG_4606-min-scaled.jpeg\">\r\n                                                        <img decoding=\"async\" src=\"https:\/\/valeriagbeauty.com\/wp-content\/uploads\/2025\/07\/IMG_4606-min-scaled.jpeg\"\r\n                                class=\"gallery_image  elementor-animation-grow\"\r\n                                alt=\"Gallery Image\"\r\n                                loading=\"lazy\">\r\n                                                        <\/a>\r\n                                            <\/div>\r\n                \r\n            <\/div>\r\n        <\/div>\r\n\r\n\t\t\t\t<\/div>\n\t\t\t\t<\/div>\n\t\t\t\t\t<\/div>\n\t\t\t\t<\/div>\n\t\t<div class=\"elementor-element elementor-element-2bef11d e-flex e-con-boxed e-con e-parent\" data-id=\"2bef11d\" data-element_type=\"container\" data-settings=\"{&quot;background_background&quot;:&quot;classic&quot;}\">\n\t\t\t\t\t<div class=\"e-con-inner\">\n\t\t\t\t<div class=\"elementor-element elementor-element-d5c1a14 elementor-widget elementor-widget-spacer\" data-id=\"d5c1a14\" data-element_type=\"widget\" data-widget_type=\"spacer.default\">\n\t\t\t\t<div class=\"elementor-widget-container\">\n\t\t\t\t\t\t\t<div class=\"elementor-spacer\">\n\t\t\t<div class=\"elementor-spacer-inner\"><\/div>\n\t\t<\/div>\n\t\t\t\t\t\t<\/div>\n\t\t\t\t<\/div>\n\t\t\t\t<div class=\"elementor-element elementor-element-1f54b60 elementor-align-center elementor-invisible elementor-widget elementor-widget-button\" data-id=\"1f54b60\" data-element_type=\"widget\" data-settings=\"{&quot;_animation&quot;:&quot;bounceIn&quot;}\" data-widget_type=\"button.default\">\n\t\t\t\t<div class=\"elementor-widget-container\">\n\t\t\t\t\t\t\t\t\t<div class=\"elementor-button-wrapper\">\n\t\t\t\t\t<a class=\"elementor-button elementor-button-link elementor-size-sm\" href=\"https:\/\/valeriagbeauty.com\/es\/services\/\">\n\t\t\t\t\t\t<span class=\"elementor-button-content-wrapper\">\n\t\t\t\t\t\t\t\t\t<span class=\"elementor-button-text\">RESERVA TU CITA<\/span>\n\t\t\t\t\t<\/span>\n\t\t\t\t\t<\/a>\n\t\t\t\t<\/div>\n\t\t\t\t\t\t\t\t<\/div>\n\t\t\t\t<\/div>\n\t\t\t\t<div class=\"elementor-element elementor-element-f2b1798 elementor-widget elementor-widget-spacer\" data-id=\"f2b1798\" data-element_type=\"widget\" data-widget_type=\"spacer.default\">\n\t\t\t\t<div class=\"elementor-widget-container\">\n\t\t\t\t\t\t\t<div class=\"elementor-spacer\">\n\t\t\t<div class=\"elementor-spacer-inner\"><\/div>\n\t\t<\/div>\n\t\t\t\t\t\t<\/div>\n\t\t\t\t<\/div>\n\t\t\t\t\t<\/div>\n\t\t\t\t<\/div>\n\t\t\t\t<\/div>","protected":false},"excerpt":{"rendered":"<p>Valeria Galvis Beauty Studio The Art of the Perfect Brow Every brow is a canvas, and every transformation is a work of art. My portfolio is a visual testament to the passion and precision we put into every detail. BOOK AN APPOINTMENT My World Transforming confidence through art BOOK AN APPOINTMENT<\/p>","protected":false},"author":1,"featured_media":0,"parent":0,"menu_order":0,"comment_status":"closed","ping_status":"closed","template":"","meta":{"site-sidebar-layout":"no-sidebar","site-content-layout":"page-builder","ast-site-content-layout":"full-width-container","site-content-style":"default","site-sidebar-style":"default","ast-global-header-display":"","ast-banner-title-visibility":"","ast-main-header-display":"","ast-hfb-above-header-display":"","ast-hfb-below-header-display":"","ast-hfb-mobile-header-display":"","site-post-title":"disabled","ast-breadcrumbs-content":"","ast-featured-img":"disabled","footer-sml-layout":"","theme-transparent-header-meta":"","adv-header-id-meta":"","stick-header-meta":"","header-above-stick-meta":"","header-main-stick-meta":"","header-below-stick-meta":"","astra-migrate-meta-layouts":"set","ast-page-background-enabled":"default","ast-page-background-meta":{"desktop":{"background-color":"var(--ast-global-color-4)","background-image":"","background-repeat":"repeat","background-position":"center center","background-size":"auto","background-attachment":"scroll","background-type":"","background-media":"","overlay-type":"","overlay-color":"","overlay-opacity":"","overlay-gradient":""},"tablet":{"background-color":"","background-image":"","background-repeat":"repeat","background-position":"center center","background-size":"auto","background-attachment":"scroll","background-type":"","background-media":"","overlay-type":"","overlay-color":"","overlay-opacity":"","overlay-gradient":""},"mobile":{"background-color":"","background-image":"","background-repeat":"repeat","background-position":"center center","background-size":"auto","background-attachment":"scroll","background-type":"","background-media":"","overlay-type":"","overlay-color":"","overlay-opacity":"","overlay-gradient":""}},"ast-content-background-meta":{"desktop":{"background-color":"var(--ast-global-color-5)","background-image":"","background-repeat":"repeat","background-position":"center center","background-size":"auto","background-attachment":"scroll","background-type":"","background-media":"","overlay-type":"","overlay-color":"","overlay-opacity":"","overlay-gradient":""},"tablet":{"background-color":"var(--ast-global-color-5)","background-image":"","background-repeat":"repeat","background-position":"center center","background-size":"auto","background-attachment":"scroll","background-type":"","background-media":"","overlay-type":"","overlay-color":"","overlay-opacity":"","overlay-gradient":""},"mobile":{"background-color":"var(--ast-global-color-5)","background-image":"","background-repeat":"repeat","background-position":"center center","background-size":"auto","background-attachment":"scroll","background-type":"","background-media":"","overlay-type":"","overlay-color":"","overlay-opacity":"","overlay-gradient":""}},"footnotes":""},"class_list":["post-3154","page","type-page","status-publish","hentry"],"_links":{"self":[{"href":"https:\/\/valeriagbeauty.com\/es\/wp-json\/wp\/v2\/pages\/3154","targetHints":{"allow":["GET"]}}],"collection":[{"href":"https:\/\/valeriagbeauty.com\/es\/wp-json\/wp\/v2\/pages"}],"about":[{"href":"https:\/\/valeriagbeauty.com\/es\/wp-json\/wp\/v2\/types\/page"}],"author":[{"embeddable":true,"href":"https:\/\/valeriagbeauty.com\/es\/wp-json\/wp\/v2\/users\/1"}],"replies":[{"embeddable":true,"href":"https:\/\/valeriagbeauty.com\/es\/wp-json\/wp\/v2\/comments?post=3154"}],"version-history":[{"count":76,"href":"https:\/\/valeriagbeauty.com\/es\/wp-json\/wp\/v2\/pages\/3154\/revisions"}],"predecessor-version":[{"id":3560,"href":"https:\/\/valeriagbeauty.com\/es\/wp-json\/wp\/v2\/pages\/3154\/revisions\/3560"}],"wp:attachment":[{"href":"https:\/\/valeriagbeauty.com\/es\/wp-json\/wp\/v2\/media?parent=3154"}],"curies":[{"name":"wp","href":"https:\/\/api.w.org\/{rel}","templated":true}]}}